{"id":237,"date":"2017-01-15T13:15:46","date_gmt":"2017-01-15T13:15:46","guid":{"rendered":"http:\/\/produccion.estudiov.es\/?page_id=237"},"modified":"2020-11-06T10:56:55","modified_gmt":"2020-11-06T10:56:55","slug":"deep-house","status":"publish","type":"page","link":"http:\/\/estudiov.es\/produccion\/deep-house\/","title":{"rendered":"deep-house"},"content":{"rendered":"<p>[et_pb_section fb_built=\u00bb1&#8243; admin_label=\u00bbsection\u00bb _builder_version=\u00bb4.6.6&#8243; hover_enabled=\u00bb0&#8243; transparent_background=\u00bboff\u00bb make_fullwidth=\u00bboff\u00bb use_custom_width=\u00bboff\u00bb width_unit=\u00bboff\u00bb custom_width_px=\u00bb1080px\u00bb custom_width_percent=\u00bb80%\u00bb custom_margin=\u00bb||150px||false|false\u00bb sticky_enabled=\u00bb0&#8243;][et_pb_row column_structure=\u00bb1_2,1_2&#8243; admin_label=\u00bbrow\u00bb _builder_version=\u00bb3.25&#8243; background_size=\u00bbinitial\u00bb background_position=\u00bbtop_left\u00bb background_repeat=\u00bbrepeat\u00bb custom_padding=\u00bb45px|3px|45px|0px\u00bb make_fullwidth=\u00bboff\u00bb use_custom_width=\u00bboff\u00bb width_unit=\u00bboff\u00bb custom_width_px=\u00bb1080px\u00bb custom_width_percent=\u00bb80%\u00bb][et_pb_column type=\u00bb1_2&#8243; _builder_version=\u00bb3.25&#8243; custom_padding=\u00bb|||\u00bb custom_padding__hover=\u00bb|||\u00bb][et_pb_image src=\u00bbhttp:\/\/estudiov.es\/produccion\/wp-content\/uploads\/2020\/11\/deep-house.jpg\u00bb alt=\u00bbdeep-house\u00bb title_text=\u00bbdeep-house\u00bb align_tablet=\u00bbcenter\u00bb align_phone=\u00bb\u00bb align_last_edited=\u00bbon|desktop\u00bb admin_label=\u00bbImagen\u00bb _builder_version=\u00bb4.6.6&#8243; animation_style=\u00bbslide\u00bb animation_direction=\u00bbleft\u00bb animation_duration=\u00bb500ms\u00bb animation_intensity_slide=\u00bb10%\u00bb sticky=\u00bboff\u00bb use_border_color=\u00bboff\u00bb border_color=\u00bb#ffffff\u00bb border_width=\u00bb1px\u00bb border_style=\u00bbsolid\u00bb always_center_on_mobile=\u00bbon\u00bb][\/et_pb_image][\/et_pb_column][et_pb_column type=\u00bb1_2&#8243; _builder_version=\u00bb3.25&#8243; custom_padding=\u00bb|||\u00bb custom_padding__hover=\u00bb|||\u00bb][et_pb_text admin_label=\u00bbTexto\u00bb _builder_version=\u00bb3.27.4&#8243; background_size=\u00bbinitial\u00bb background_position=\u00bbtop_left\u00bb background_repeat=\u00bbrepeat\u00bb use_border_color=\u00bboff\u00bb border_style=\u00bbsolid\u00bb]<\/p>\n<h1>DEEP HOUSE<\/h1>\n<p><strong>Estado<\/strong>: En desarrollo<br \/>\n\u00a0<br \/>\n<strong>Sinopsis<\/strong>: Tras un \u00faltimo robo frustrado, Sara y su amigos se ven obligados a recurrir a la parte m\u00e1s oscura y desconocida de internet, la Deep Web, con el fin de deshacerse de las deudas que acumulan. Pero lo que parec\u00eda un simple asalto a una mansi\u00f3n, se transformar\u00e1 en una aut\u00e9ntica carrera por la supervivencia llena de trampas de las que les ser\u00e1 imposible escapar.<br \/>\n\u00a0<br \/>\n<strong>Ficha t\u00e9cnica<\/strong>:<br \/>\nGui\u00f3n: Victor Gal\u00e1n Dominguez y Angel Gomez Hernandez<br \/>\nConsultor\u00eda Gui\u00f3n: Raul Cerezo<\/p>\n<p>[\/et_pb_text][\/et_pb_column][\/et_pb_row][\/et_pb_section]<\/p>\n","protected":false},"excerpt":{"rendered":"<p>DEEP HOUSE Estado: En desarrollo \u00a0 Sinopsis: Tras un \u00faltimo robo frustrado, Sara y su amigos se ven obligados a recurrir a la parte m\u00e1s oscura y desconocida de internet, la Deep Web, con el fin de deshacerse de las deudas que acumulan. Pero lo que parec\u00eda un simple asalto a una mansi\u00f3n, se transformar\u00e1 [&hellip;]<\/p>\n","protected":false},"author":1,"featured_media":0,"parent":0,"menu_order":0,"comment_status":"closed","ping_status":"closed","template":"","meta":{"_et_pb_use_builder":"on","_et_pb_old_content":"","_et_gb_content_width":""},"_links":{"self":[{"href":"http:\/\/estudiov.es\/produccion\/wp-json\/wp\/v2\/pages\/237"}],"collection":[{"href":"http:\/\/estudiov.es\/produccion\/wp-json\/wp\/v2\/pages"}],"about":[{"href":"http:\/\/estudiov.es\/produccion\/wp-json\/wp\/v2\/types\/page"}],"author":[{"embeddable":true,"href":"http:\/\/estudiov.es\/produccion\/wp-json\/wp\/v2\/users\/1"}],"replies":[{"embeddable":true,"href":"http:\/\/estudiov.es\/produccion\/wp-json\/wp\/v2\/comments?post=237"}],"version-history":[{"count":11,"href":"http:\/\/estudiov.es\/produccion\/wp-json\/wp\/v2\/pages\/237\/revisions"}],"predecessor-version":[{"id":422,"href":"http:\/\/estudiov.es\/produccion\/wp-json\/wp\/v2\/pages\/237\/revisions\/422"}],"wp:attachment":[{"href":"http:\/\/estudiov.es\/produccion\/wp-json\/wp\/v2\/media?parent=237"}],"curies":[{"name":"wp","href":"https:\/\/api.w.org\/{rel}","templated":true}]}}